{"id":2604,"date":"2016-12-07T10:18:50","date_gmt":"2016-12-07T12:18:50","guid":{"rendered":"http:\/\/labtest.com.br\/?page_id=2604"},"modified":"2019-08-05T08:51:43","modified_gmt":"2019-08-05T11:51:43","slug":"asistencia-tecnica","status":"publish","type":"page","link":"https:\/\/labtest.com.br\/es\/servicios\/asistencia-tecnica\/","title":{"rendered":"Asistencia t\u00e9cnica"},"content":{"rendered":"<p>Calidad en servicio\u00a0y conocimiento aplicado. Cuente con una atenci\u00f3n de alto est\u00e1ndar y excelencia t\u00e9cnica.<\/p>\n","protected":false},"excerpt":{"rendered":"<p>Calidad en servicio\u00a0y conocimiento aplicado. Cuente con una atenci\u00f3n de alto est\u00e1ndar y excelencia t\u00e9cnica.<\/p>\n","protected":false},"author":1,"featured_media":0,"parent":2592,"menu_order":0,"comment_status":"closed","ping_status":"closed","template":"page-assistencia-tecnica.php","meta":{"_acf_changed":false,"footnotes":""},"class_list":["post-2604","page","type-page","status-publish","hentry"],"acf":[],"_links":{"self":[{"href":"https:\/\/labtest.com.br\/es\/wp-json\/wp\/v2\/pages\/2604","targetHints":{"allow":["GET"]}}],"collection":[{"href":"https:\/\/labtest.com.br\/es\/wp-json\/wp\/v2\/pages"}],"about":[{"href":"https:\/\/labtest.com.br\/es\/wp-json\/wp\/v2\/types\/page"}],"author":[{"embeddable":true,"href":"https:\/\/labtest.com.br\/es\/wp-json\/wp\/v2\/users\/1"}],"replies":[{"embeddable":true,"href":"https:\/\/labtest.com.br\/es\/wp-json\/wp\/v2\/comments?post=2604"}],"version-history":[{"count":0,"href":"https:\/\/labtest.com.br\/es\/wp-json\/wp\/v2\/pages\/2604\/revisions"}],"up":[{"embeddable":true,"href":"https:\/\/labtest.com.br\/es\/wp-json\/wp\/v2\/pages\/2592"}],"wp:attachment":[{"href":"https:\/\/labtest.com.br\/es\/wp-json\/wp\/v2\/media?parent=2604"}],"curies":[{"name":"wp","href":"https:\/\/api.w.org\/{rel}","templated":true}]}}