{"id":2590,"date":"2016-12-06T23:17:10","date_gmt":"2016-12-07T01:17:10","guid":{"rendered":"http:\/\/labtest.com.br\/?page_id=2590"},"modified":"2019-08-05T08:51:01","modified_gmt":"2019-08-05T11:51:01","slug":"asesoria-cientifica","status":"publish","type":"page","link":"https:\/\/labtest.com.br\/es\/servicios\/asesoria-cientifica\/","title":{"rendered":"Asesor\u00eda Cient\u00edfica"},"content":{"rendered":"<p>Vocaci\u00f3n en la prestaci\u00f3n de servicio y en la educaci\u00f3n continuada. Tenga a disposici\u00f3n la atenci\u00f3n especializada del equipo Labtest.<\/p>\n","protected":false},"excerpt":{"rendered":"<p>Vocaci\u00f3n en la prestaci\u00f3n de servicio y en la educaci\u00f3n continuada. Tenga a disposici\u00f3n la atenci\u00f3n especializada del equipo Labtest.<\/p>\n","protected":false},"author":1,"featured_media":0,"parent":2592,"menu_order":0,"comment_status":"closed","ping_status":"closed","template":"page-assessoria-cientifica.php","meta":{"_acf_changed":false,"footnotes":""},"class_list":["post-2590","page","type-page","status-publish","hentry"],"acf":[],"_links":{"self":[{"href":"https:\/\/labtest.com.br\/es\/wp-json\/wp\/v2\/pages\/2590","targetHints":{"allow":["GET"]}}],"collection":[{"href":"https:\/\/labtest.com.br\/es\/wp-json\/wp\/v2\/pages"}],"about":[{"href":"https:\/\/labtest.com.br\/es\/wp-json\/wp\/v2\/types\/page"}],"author":[{"embeddable":true,"href":"https:\/\/labtest.com.br\/es\/wp-json\/wp\/v2\/users\/1"}],"replies":[{"embeddable":true,"href":"https:\/\/labtest.com.br\/es\/wp-json\/wp\/v2\/comments?post=2590"}],"version-history":[{"count":0,"href":"https:\/\/labtest.com.br\/es\/wp-json\/wp\/v2\/pages\/2590\/revisions"}],"up":[{"embeddable":true,"href":"https:\/\/labtest.com.br\/es\/wp-json\/wp\/v2\/pages\/2592"}],"wp:attachment":[{"href":"https:\/\/labtest.com.br\/es\/wp-json\/wp\/v2\/media?parent=2590"}],"curies":[{"name":"wp","href":"https:\/\/api.w.org\/{rel}","templated":true}]}}