{"id":2569,"date":"2016-12-06T21:25:56","date_gmt":"2016-12-06T23:25:56","guid":{"rendered":"http:\/\/labtest.com.br\/?page_id=2569"},"modified":"2019-09-18T11:11:57","modified_gmt":"2019-09-18T14:11:57","slug":"proyecto-red","status":"publish","type":"page","link":"https:\/\/labtest.com.br\/es\/labtest\/proyecto-red\/","title":{"rendered":"Proyecto Red"},"content":{"rendered":"<p>El Proyecto Red involucra todas las iniciativas sociales, ambientales, acad\u00e9micas y cient\u00edficas de Labtest. La denominaci\u00f3n hace menci\u00f3n al deseo de establecer una \u201cred\u201d con los p\u00fablicos de inter\u00e9s, incorporando los proyectos actuales y futuros bajo una \u00fanica egida.<\/p>\n","protected":false},"excerpt":{"rendered":"<p>El Proyecto Red involucra todas las iniciativas sociales, ambientales, acad\u00e9micas y cient\u00edficas de Labtest. La denominaci\u00f3n hace menci\u00f3n al deseo de establecer una \u201cred\u201d con los p\u00fablicos de inter\u00e9s, incorporando los proyectos actuales y futuros bajo una \u00fanica egida.<\/p>\n","protected":false},"author":1,"featured_media":0,"parent":2578,"menu_order":0,"comment_status":"closed","ping_status":"closed","template":"page-projeto-rede.php","meta":{"_acf_changed":false,"footnotes":""},"class_list":["post-2569","page","type-page","status-publish","hentry"],"acf":[],"_links":{"self":[{"href":"https:\/\/labtest.com.br\/es\/wp-json\/wp\/v2\/pages\/2569","targetHints":{"allow":["GET"]}}],"collection":[{"href":"https:\/\/labtest.com.br\/es\/wp-json\/wp\/v2\/pages"}],"about":[{"href":"https:\/\/labtest.com.br\/es\/wp-json\/wp\/v2\/types\/page"}],"author":[{"embeddable":true,"href":"https:\/\/labtest.com.br\/es\/wp-json\/wp\/v2\/users\/1"}],"replies":[{"embeddable":true,"href":"https:\/\/labtest.com.br\/es\/wp-json\/wp\/v2\/comments?post=2569"}],"version-history":[{"count":0,"href":"https:\/\/labtest.com.br\/es\/wp-json\/wp\/v2\/pages\/2569\/revisions"}],"up":[{"embeddable":true,"href":"https:\/\/labtest.com.br\/es\/wp-json\/wp\/v2\/pages\/2578"}],"wp:attachment":[{"href":"https:\/\/labtest.com.br\/es\/wp-json\/wp\/v2\/media?parent=2569"}],"curies":[{"name":"wp","href":"https:\/\/api.w.org\/{rel}","templated":true}]}}